{"id":2,"date":"2023-03-26T13:26:11","date_gmt":"2023-03-26T13:26:11","guid":{"rendered":"http:\/\/die-linke-roedelheim.de\/?page_id=2"},"modified":"2026-03-29T12:49:40","modified_gmt":"2026-03-29T12:49:40","slug":"sample-page","status":"publish","type":"page","link":"https:\/\/die-linke-roedelheim.de\/?page_id=2","title":{"rendered":"Ortsbeirat"},"content":{"rendered":"\n<h2 class=\"wp-block-heading\">Kommunalwahl 2026<\/h2>\n\n\n\n<p>Die Fraktion die farbechten\/Die Linke ist auch nach der Kommunalwahl im M\u00e4rz 2026 weiterhin mit drei Sitzen im Ortsbeirat 7 vertreten. <\/p>\n\n\n\n<figure class=\"wp-block-image size-full\"><img loading=\"lazy\" decoding=\"async\" width=\"667\" height=\"556\" src=\"https:\/\/die-linke-roedelheim.de\/wp-content\/uploads\/2026\/03\/obr7_diagramm-sitze2026-quer.jpg\" alt=\"\" class=\"wp-image-302\" srcset=\"https:\/\/die-linke-roedelheim.de\/wp-content\/uploads\/2026\/03\/obr7_diagramm-sitze2026-quer.jpg 667w, https:\/\/die-linke-roedelheim.de\/wp-content\/uploads\/2026\/03\/obr7_diagramm-sitze2026-quer-300x250.jpg 300w\" sizes=\"auto, (max-width: 667px) 100vw, 667px\" \/><\/figure>\n\n\n\n<p>Die vier gr\u00f6\u00dften Fraktionen (Die Gr\u00fcnen, CDU, SPD und die farbechten\/Die Linke) sind in unver\u00e4nderter personeller St\u00e4rke im Gremium vertreten. Starke Verluste gab es bei den kleinen Parteien: FDP und BFF konnten noch knapp ihren jeweils 1 Sitz halten, Freie W\u00e4hler und \u00d6kolinx sind  aus dem Gremium ausgeschieden. Neu hinzugekommen sind 2 Sitze f\u00fcr die AfD, die vor f\u00fcnf Jahren noch nicht zur Wahl angetreten waren. <\/p>\n\n\n\n<h2 class=\"wp-block-heading\">Kommunalwahl 2021<\/h2>\n\n\n\n<p>Die Fraktion die farbechten\/Die Linke ist seit der Kommunalwahl im M\u00e4rz 2021 mit drei Sitzen im Ortsbeirat 7 (R\u00f6delheim, Praunheim, Hausen) vertreten. <\/p>\n\n\n\n<figure class=\"wp-block-image size-full\"><img loading=\"lazy\" decoding=\"async\" width=\"703\" height=\"547\" src=\"https:\/\/die-linke-roedelheim.de\/wp-content\/uploads\/2023\/09\/diagramm-obr7.jpg\" alt=\"\" class=\"wp-image-110\" srcset=\"https:\/\/die-linke-roedelheim.de\/wp-content\/uploads\/2023\/09\/diagramm-obr7.jpg 703w, https:\/\/die-linke-roedelheim.de\/wp-content\/uploads\/2023\/09\/diagramm-obr7-300x233.jpg 300w\" sizes=\"auto, (max-width: 703px) 100vw, 703px\" \/><figcaption class=\"wp-element-caption\">So setzt sich aktuell das Gremium zusammen: Die Gr\u00fcnen (5), CDU (4), die farbechten\/Die Linke (3), SPD (3), fraktionslos (1), FDP (1), FW (1), BFF (1)<\/figcaption><\/figure>\n\n\n\n<p><strong>N\u00e4chste Sitzung des Ortsbeirats<\/strong><\/p>\n\n\n\n<p>Die letzte Sitzung des Ortsbeirats der aktuellen Legislatur fand am Dienstag, 24. Februar 2026 in Praunheim statt. Die konstituierende Sitzung nach der Wahl ist dann am 5. Mai 2026, 19.30 Uhr im RAUM in R\u00f6delheim. <\/p>\n\n\n\n<p><strong>Unsere Antr\u00e4ge<\/strong><\/p>\n\n\n\n<p>Sie finden unsere aktuellen Antr\u00e4ge auf der <a href=\"https:\/\/www.dielinke-im-roemer.de\/ortsbeiraete\/ortsbeirat-7\/\" target=\"_blank\" rel=\"noopener\">Website der R\u00f6mer-Fraktion<\/a>. <\/p>\n","protected":false},"excerpt":{"rendered":"<p class=\"qua-blog-post-description\">Kommunalwahl 2026 Die Fraktion die farbechten\/Die Linke ist auch nach der Kommunalwahl im M\u00e4rz 2026 weiterhin mit drei Sitzen im Ortsbeirat 7 vertreten. Die vier gr\u00f6\u00dften Fraktionen (Die Gr\u00fcnen, CDU, SPD und die farbechten\/Die Linke) sind in unver\u00e4nderter personeller St\u00e4rke im Gremium vertreten. Starke Verluste gab es bei den kleinen Parteien: FDP und BFF konnten [&hellip;]<\/p>\n","protected":false},"author":3,"featured_media":0,"parent":0,"menu_order":0,"comment_status":"closed","ping_status":"open","template":"","meta":{"footnotes":""},"class_list":["post-2","page","type-page","status-publish","hentry"],"_links":{"self":[{"href":"https:\/\/die-linke-roedelheim.de\/index.php?rest_route=\/wp\/v2\/pages\/2","targetHints":{"allow":["GET"]}}],"collection":[{"href":"https:\/\/die-linke-roedelheim.de\/index.php?rest_route=\/wp\/v2\/pages"}],"about":[{"href":"https:\/\/die-linke-roedelheim.de\/index.php?rest_route=\/wp\/v2\/types\/page"}],"author":[{"embeddable":true,"href":"https:\/\/die-linke-roedelheim.de\/index.php?rest_route=\/wp\/v2\/users\/3"}],"replies":[{"embeddable":true,"href":"https:\/\/die-linke-roedelheim.de\/index.php?rest_route=%2Fwp%2Fv2%2Fcomments&post=2"}],"version-history":[{"count":14,"href":"https:\/\/die-linke-roedelheim.de\/index.php?rest_route=\/wp\/v2\/pages\/2\/revisions"}],"predecessor-version":[{"id":303,"href":"https:\/\/die-linke-roedelheim.de\/index.php?rest_route=\/wp\/v2\/pages\/2\/revisions\/303"}],"wp:attachment":[{"href":"https:\/\/die-linke-roedelheim.de\/index.php?rest_route=%2Fwp%2Fv2%2Fmedia&parent=2"}],"curies":[{"name":"wp","href":"https:\/\/api.w.org\/{rel}","templated":true}]}}